{"id":173,"date":"2023-01-15T18:41:48","date_gmt":"2023-01-15T18:41:48","guid":{"rendered":"http:\/\/alamaltravel.net\/?page_id=173"},"modified":"2023-08-20T15:48:04","modified_gmt":"2023-08-20T15:48:04","slug":"contact-us","status":"publish","type":"page","link":"https:\/\/alamaltravel.net\/tr\/bize-ulasin\/","title":{"rendered":"bizi ara"},"content":{"rendered":"<div data-elementor-type=\"wp-page\" data-elementor-id=\"173\" class=\"elementor elementor-173\" data-elementor-post-type=\"page\">\n\t\t\t\t\t\t<section class=\"elementor-section elementor-top-section elementor-element elementor-element-e890184 elementor-section-boxed elementor-section-height-default elementor-section-height-default\" data-id=\"e890184\" data-element_type=\"section\" data-settings=\"{&quot;background_background&quot;:&quot;classic&quot;,&quot;ekit_has_onepagescroll_dot&quot;:&quot;yes&quot;}\">\n\t\t\t\t\t\t\t<div class=\"elementor-background-overlay\"><\/div>\n\t\t\t\t\t\t\t<div class=\"elementor-container elementor-column-gap-default\">\n\t\t\t\t\t<div class=\"elementor-column elementor-col-100 elementor-top-column elementor-element elementor-element-70f9f79d\" data-id=\"70f9f79d\" data-element_type=\"column\">\n\t\t\t<div class=\"elementor-widget-wrap elementor-element-populated\">\n\t\t\t\t\t\t<div class=\"elementor-element elementor-element-40212a94 elementor-widget elementor-widget-theme-post-title elementor-page-title elementor-widget-heading\" data-id=\"40212a94\" data-element_type=\"widget\" data-settings=\"{&quot;ekit_we_effect_on&quot;:&quot;none&quot;}\" data-widget_type=\"theme-post-title.default\">\n\t\t\t\t<div class=\"elementor-widget-container\">\n\t\t\t\t\t<h1 class=\"elementor-heading-title elementor-size-default\">bizi ara<\/h1>\t\t\t\t<\/div>\n\t\t\t\t<\/div>\n\t\t\t\t\t<\/div>\n\t\t<\/div>\n\t\t\t\t\t<\/div>\n\t\t<\/section>\n\t\t\t\t<section class=\"elementor-section elementor-top-section elementor-element elementor-element-11c1c93d elementor-section-boxed elementor-section-height-default elementor-section-height-default\" data-id=\"11c1c93d\" data-element_type=\"section\" data-settings=\"{&quot;background_background&quot;:&quot;classic&quot;,&quot;ekit_has_onepagescroll_dot&quot;:&quot;yes&quot;}\">\n\t\t\t\t\t\t<div class=\"elementor-container elementor-column-gap-wider\">\n\t\t\t\t\t<div class=\"elementor-column elementor-col-50 elementor-top-column elementor-element elementor-element-56c92ce2\" data-id=\"56c92ce2\" data-element_type=\"column\">\n\t\t\t<div class=\"elementor-widget-wrap elementor-element-populated\">\n\t\t\t\t\t\t<div class=\"elementor-element elementor-element-198ce1a elementor-widget elementor-widget-heading\" data-id=\"198ce1a\" data-element_type=\"widget\" data-settings=\"{&quot;ekit_we_effect_on&quot;:&quot;none&quot;}\" data-widget_type=\"heading.default\">\n\t\t\t\t<div class=\"elementor-widget-container\">\n\t\t\t\t\t<h2 class=\"elementor-heading-title elementor-size-default\">ileti\u015fimi koparmamak<\/h2>\t\t\t\t<\/div>\n\t\t\t\t<\/div>\n\t\t\t\t<div class=\"elementor-element elementor-element-40c2a176 elementor-widget elementor-widget-text-editor\" data-id=\"40c2a176\" data-element_type=\"widget\" data-settings=\"{&quot;ekit_we_effect_on&quot;:&quot;none&quot;}\" data-widget_type=\"text-editor.default\">\n\t\t\t\t<div class=\"elementor-widget-container\">\n\t\t\t\t\t\t\t\t\t<p>E-posta veya sosyal medya yoluyla, hizmetlerle ilgili mesajlar\u0131n\u0131z\u0131 ve sorular\u0131n\u0131z\u0131 almaktan memnuniyet duyuyoruz.<\/p><p><strong>Sizinle ileti\u015fim kurmaktan her zaman memnuniyet duyar\u0131z!<\/strong><\/p>\t\t\t\t\t\t\t\t<\/div>\n\t\t\t\t<\/div>\n\t\t\t\t<div class=\"elementor-element elementor-element-52757c0 elementor-widget__width-auto elementor-shape-circle elementor-grid-0 e-grid-align-center elementor-widget elementor-widget-social-icons\" data-id=\"52757c0\" data-element_type=\"widget\" data-settings=\"{&quot;ekit_we_effect_on&quot;:&quot;none&quot;}\" data-widget_type=\"social-icons.default\">\n\t\t\t\t<div class=\"elementor-widget-container\">\n\t\t\t\t\t\t\t<div class=\"elementor-social-icons-wrapper elementor-grid\" role=\"list\">\n\t\t\t\t\t\t\t<span class=\"elementor-grid-item\" role=\"listitem\">\n\t\t\t\t\t<a class=\"elementor-icon elementor-social-icon elementor-social-icon-facebook elementor-repeater-item-9755036\" href=\"https:\/\/www.facebook.com\/Visamal2015\" target=\"_blank\">\n\t\t\t\t\t\t<span class=\"elementor-screen-only\">Facebook<\/span>\n\t\t\t\t\t\t<i aria-hidden=\"true\" class=\"fab fa-facebook\"><\/i>\t\t\t\t\t<\/a>\n\t\t\t\t<\/span>\n\t\t\t\t\t\t\t<span class=\"elementor-grid-item\" role=\"listitem\">\n\t\t\t\t\t<a class=\"elementor-icon elementor-social-icon elementor-social-icon-youtube elementor-repeater-item-cbcfbe2\" href=\"https:\/\/www.youtube.com\/@alamaltours\" target=\"_blank\">\n\t\t\t\t\t\t<span class=\"elementor-screen-only\">Youtube<\/span>\n\t\t\t\t\t\t<i aria-hidden=\"true\" class=\"fab fa-youtube\"><\/i>\t\t\t\t\t<\/a>\n\t\t\t\t<\/span>\n\t\t\t\t\t\t\t<span class=\"elementor-grid-item\" role=\"listitem\">\n\t\t\t\t\t<a class=\"elementor-icon elementor-social-icon elementor-social-icon-whatsapp elementor-repeater-item-65bc367\" href=\"https:\/\/wa.me\/4917662495894\" target=\"_blank\">\n\t\t\t\t\t\t<span class=\"elementor-screen-only\">Naber<\/span>\n\t\t\t\t\t\t<i aria-hidden=\"true\" class=\"fab fa-whatsapp\"><\/i>\t\t\t\t\t<\/a>\n\t\t\t\t<\/span>\n\t\t\t\t\t\t\t<span class=\"elementor-grid-item\" role=\"listitem\">\n\t\t\t\t\t<a class=\"elementor-icon elementor-social-icon elementor-social-icon-instagram elementor-repeater-item-2123e2b\" href=\"https:\/\/www.instagram.com\/al_amal_reiseburo\/\" target=\"_blank\">\n\t\t\t\t\t\t<span class=\"elementor-screen-only\">instagram<\/span>\n\t\t\t\t\t\t<i aria-hidden=\"true\" class=\"fab fa-instagram\"><\/i>\t\t\t\t\t<\/a>\n\t\t\t\t<\/span>\n\t\t\t\t\t\t\t<span class=\"elementor-grid-item\" role=\"listitem\">\n\t\t\t\t\t<a class=\"elementor-icon elementor-social-icon elementor-social-icon-icon-google-review elementor-repeater-item-5b3bce8\" target=\"_blank\">\n\t\t\t\t\t\t<span class=\"elementor-screen-only\">Icon-google-inceleme<\/span>\n\t\t\t\t\t\t<i aria-hidden=\"true\" class=\"icon icon-google-review\"><\/i>\t\t\t\t\t<\/a>\n\t\t\t\t<\/span>\n\t\t\t\t\t<\/div>\n\t\t\t\t\t\t<\/div>\n\t\t\t\t<\/div>\n\t\t\t\t\t<\/div>\n\t\t<\/div>\n\t\t\t\t<div class=\"elementor-column elementor-col-50 elementor-top-column elementor-element elementor-element-429249e4\" data-id=\"429249e4\" data-element_type=\"column\">\n\t\t\t<div class=\"elementor-widget-wrap elementor-element-populated\">\n\t\t\t\t\t\t<div class=\"elementor-element elementor-element-28e81fbb elementor-button-align-stretch elementor-widget elementor-widget-form\" data-id=\"28e81fbb\" data-element_type=\"widget\" data-settings=\"{&quot;button_width&quot;:&quot;33&quot;,&quot;step_next_label&quot;:&quot;Next&quot;,&quot;step_previous_label&quot;:&quot;Previous&quot;,&quot;step_type&quot;:&quot;number_text&quot;,&quot;step_icon_shape&quot;:&quot;circle&quot;,&quot;ekit_we_effect_on&quot;:&quot;none&quot;}\" data-widget_type=\"form.default\">\n\t\t\t\t<div class=\"elementor-widget-container\">\n\t\t\t\t\t\t\t<form class=\"elementor-form\" method=\"post\" name=\"New Form\" aria-label=\"New Form\" action=\"\">\n\t\t\t<input type=\"hidden\" name=\"post_id\" value=\"173\"\/>\n\t\t\t<input type=\"hidden\" name=\"form_id\" value=\"28e81fbb\"\/>\n\t\t\t<input type=\"hidden\" name=\"referer_title\" value=\"\u0627\u062a\u0635\u0644 \u0628\u0646\u0627 | \u0627\u0644\u0623\u0645\u0644 \u062a\u0631\u0627\u0641\u0644\" \/>\n\n\t\t\t\t\t\t\t<input type=\"hidden\" name=\"queried_id\" value=\"173\"\/>\n\t\t\t\n\t\t\t<div class=\"elementor-form-fields-wrapper elementor-labels-above\">\n\t\t\t\t\t\t\t\t<div class=\"elementor-field-type-text elementor-field-group elementor-column elementor-field-group-name elementor-col-50\">\n\t\t\t\t\t\t\t\t\t\t\t\t\t<input size=\"1\" type=\"text\" name=\"form_fields[name]\" id=\"form-field-name\" class=\"elementor-field elementor-size-sm  elementor-field-textual\" placeholder=\"isim\">\n\t\t\t\t\t\t\t\t\t\t\t<\/div>\n\t\t\t\t\t\t\t\t<div class=\"elementor-field-type-email elementor-field-group elementor-column elementor-field-group-email elementor-col-50 elementor-field-required\">\n\t\t\t\t\t\t\t\t\t\t\t\t\t<input size=\"1\" type=\"email\" name=\"form_fields[email]\" id=\"form-field-email\" class=\"elementor-field elementor-size-sm  elementor-field-textual\" placeholder=\"E-posta\" required=\"required\">\n\t\t\t\t\t\t\t\t\t\t\t<\/div>\n\t\t\t\t\t\t\t\t<div class=\"elementor-field-type-tel elementor-field-group elementor-column elementor-field-group-field_37659cb elementor-col-50 elementor-field-required\">\n\t\t\t\t\t\t\t<input size=\"1\" type=\"tel\" name=\"form_fields[field_37659cb]\" id=\"form-field-field_37659cb\" class=\"elementor-field elementor-size-sm  elementor-field-textual\" placeholder=\"Mobil Numara\" required=\"required\" pattern=\"[0-9()#&amp;+*-=.]+\" title=\"\u062a\u064f\u0642\u0628\u0644 \u0641\u0642\u0637 \u0627\u0644\u0623\u0631\u0642\u0627\u0645 \u0648\u0623\u062d\u0631\u0641 \u0627\u0644\u0647\u0627\u062a\u0641 (# \u060c - \u060c * \u060c \u0625\u0644\u062e).\">\n\n\t\t\t\t\t\t<\/div>\n\t\t\t\t\t\t\t\t<div class=\"elementor-field-type-text elementor-field-group elementor-column elementor-field-group-field_97ff5af elementor-col-50 elementor-field-required\">\n\t\t\t\t\t\t\t\t\t\t\t\t\t<input size=\"1\" type=\"text\" name=\"form_fields[field_97ff5af]\" id=\"form-field-field_97ff5af\" class=\"elementor-field elementor-size-sm  elementor-field-textual\" placeholder=\"Mesaj Konusu\" required=\"required\">\n\t\t\t\t\t\t\t\t\t\t\t<\/div>\n\t\t\t\t\t\t\t\t<div class=\"elementor-field-type-textarea elementor-field-group elementor-column elementor-field-group-message elementor-col-100\">\n\t\t\t\t\t<textarea class=\"elementor-field-textual elementor-field  elementor-size-sm\" name=\"form_fields[message]\" id=\"form-field-message\" rows=\"4\" placeholder=\"mesaj\"><\/textarea>\t\t\t\t<\/div>\n\t\t\t\t\t\t\t\t<div class=\"elementor-field-group elementor-column elementor-field-type-submit elementor-col-33 e-form__buttons\">\n\t\t\t\t\t<button class=\"elementor-button elementor-size-sm\" type=\"submit\">\n\t\t\t\t\t\t<span class=\"elementor-button-content-wrapper\">\n\t\t\t\t\t\t\t\t\t\t\t\t\t\t\t\t\t\t\t\t\t\t<span class=\"elementor-button-text\">G\u00f6ndermek<\/span>\n\t\t\t\t\t\t\t\t\t\t\t\t\t<\/span>\n\t\t\t\t\t<\/button>\n\t\t\t\t<\/div>\n\t\t\t<\/div>\n\t\t<input type=\"hidden\" name=\"trp-form-language\" value=\"tr\"\/><\/form>\n\t\t\t\t\t\t<\/div>\n\t\t\t\t<\/div>\n\t\t\t\t\t<\/div>\n\t\t<\/div>\n\t\t\t\t\t<\/div>\n\t\t<\/section>\n\t\t\t\t<section class=\"elementor-section elementor-top-section elementor-element elementor-element-1960a9fb elementor-section-full_width elementor-section-height-default elementor-section-height-default\" data-id=\"1960a9fb\" data-element_type=\"section\" data-settings=\"{&quot;ekit_has_onepagescroll_dot&quot;:&quot;yes&quot;}\">\n\t\t\t\t\t\t<div class=\"elementor-container elementor-column-gap-no\">\n\t\t\t\t\t<div class=\"elementor-column elementor-col-100 elementor-top-column elementor-element elementor-element-5e28ab39\" data-id=\"5e28ab39\" data-element_type=\"column\">\n\t\t\t<div class=\"elementor-widget-wrap elementor-element-populated\">\n\t\t\t\t\t\t<div class=\"elementor-element elementor-element-673c9647 elementor-widget elementor-widget-google_maps\" data-id=\"673c9647\" data-element_type=\"widget\" data-settings=\"{&quot;ekit_we_effect_on&quot;:&quot;none&quot;}\" data-widget_type=\"google_maps.default\">\n\t\t\t\t<div class=\"elementor-widget-container\">\n\t\t\t\t\t\t\t<div class=\"elementor-custom-embed\">\n\t\t\t<iframe loading=\"lazy\"\n\t\t\t\t\tsrc=\"https:\/\/maps.google.com\/maps?q=%D8%B3%D9%81%D8%B1%D9%8A%D8%A7%D8%AA%20%D8%A7%D9%84%D8%A3%D9%85%D9%84%20%D9%84%D9%84%D8%B3%D9%8A%D8%A7%D8%AD%D8%A9%20%D9%88%D8%A7%D9%84%D8%B3%D9%81%D8%B1%20Al%20amal%20Travel%2C%20Sonnenallee%2094%D8%8C%2012045%20Berlin%D8%8C%20%D8%A3%D9%84%D9%85%D8%A7%D9%86%D9%8A%D8%A7&#038;t=m&#038;z=18&#038;output=embed&#038;iwloc=near\"\n\t\t\t\t\ttitle=\"Al Amal Travel for Tourism and Travel Al amal Travel, Sonnenallee 94, 12045 Berlin, Almanya\"\n\t\t\t\t\taria-label=\"Al Amal Travel for Tourism and Travel Al amal Travel, Sonnenallee 94, 12045 Berlin, Almanya\"\n\t\t\t><\/iframe>\n\t\t<\/div>\n\t\t\t\t\t\t<\/div>\n\t\t\t\t<\/div>\n\t\t\t\t\t<\/div>\n\t\t<\/div>\n\t\t\t\t\t<\/div>\n\t\t<\/section>\n\t\t\t\t<\/div>","protected":false},"excerpt":{"rendered":"<p>E-posta veya sosyal medya yoluyla, hizmetlerle ilgili mesajlar\u0131n\u0131z\u0131 ve sorular\u0131n\u0131z\u0131 almaktan memnuniyet duyuyoruz. Sizinle ileti\u015fim kurmaktan her zaman memnuniyet duyar\u0131z! Facebook Youtube Whatsapp Instagram Simge-google-inceleme<\/p>","protected":false},"author":2,"featured_media":0,"parent":0,"menu_order":0,"comment_status":"closed","ping_status":"closed","template":"elementor_header_footer","meta":{"_monsterinsights_skip_tracking":false,"_monsterinsights_sitenote_active":false,"_monsterinsights_sitenote_note":"","_monsterinsights_sitenote_category":0,"footnotes":""},"class_list":["post-173","page","type-page","status-publish","hentry"],"yoast_head":"<!-- This site is optimized with the Yoast SEO Premium plugin v26.7 (Yoast SEO v26.8) - https:\/\/yoast.com\/product\/yoast-seo-premium-wordpress\/ -->\n<title>\u0627\u062a\u0635\u0644 \u0628\u0646\u0627 | \u0627\u0644\u0623\u0645\u0644 \u062a\u0631\u0627\u0641\u0644<\/title>\n<meta name=\"robots\" content=\"index, follow, max-snippet:-1, max-image-preview:large, max-video-preview:-1\" \/>\n<link rel=\"canonical\" href=\"https:\/\/alamaltravel.net\/tr\/bize-ulasin\/\" \/>\n<meta property=\"og:locale\" content=\"tr_TR\" \/>\n<meta property=\"og:type\" content=\"article\" \/>\n<meta property=\"og:title\" content=\"\u0627\u062a\u0635\u0644 \u0628\u0646\u0627\" \/>\n<meta property=\"og:description\" content=\"\u0627\u0628\u0642\u0649 \u0639\u0644\u0649 \u062a\u0648\u0627\u0635\u0644 \u064a\u0633\u0639\u062f\u0646\u0627 \u062a\u0644\u0642\u064a \u0631\u0633\u0627\u0626\u0644\u0643\u0645 \u0648\u0627\u0633\u062a\u0641\u0633\u0627\u0631\u062a\u0643\u0645 \u0639\u0646 \u0627\u0644\u062e\u062f\u0645\u0627\u062a \u0633\u0648\u0627\u0621 \u0639\u0646 \u0637\u0631\u064a\u0642 \u0627\u0644\u0628\u0631\u064a\u062f \u0627\u0644\u0623\u0644\u0643\u062a\u0631\u0648\u0646\u064a \u0627\u0648 \u0648\u0633\u0627\u0626\u0644 \u0627\u0644\u062a\u0648\u0627\u0635\u0644 \u0627\u0644\u0625\u062c\u062a\u0645\u0627\u0639\u064a. \u064a\u0633\u0639\u0646\u062f\u0646\u0627 \u062f\u0644\u0626\u0645\u0627 \u062a\u0648\u0627\u0635\u0644\u0643\u0645 \u0645\u0639\u0646\u0627! Facebook Youtube Whatsapp Instagram Icon-google-review\" \/>\n<meta property=\"og:url\" content=\"https:\/\/alamaltravel.net\/tr\/bize-ulasin\/\" \/>\n<meta property=\"og:site_name\" content=\"\u0627\u0644\u0623\u0645\u0644 \u062a\u0631\u0627\u0641\u0644\" \/>\n<meta property=\"article:publisher\" content=\"https:\/\/www.facebook.com\/Visamal2015\" \/>\n<meta property=\"article:modified_time\" content=\"2023-08-20T15:48:04+00:00\" \/>\n<meta property=\"og:image\" content=\"https:\/\/alamaltravel.net\/wp-content\/uploads\/2023\/01\/Green-Yellow-Modern-Photography-Traveling-Youtube-Thumbnail-1.png\" \/>\n\t<meta property=\"og:image:width\" content=\"640\" \/>\n\t<meta property=\"og:image:height\" content=\"360\" \/>\n\t<meta property=\"og:image:type\" content=\"image\/png\" \/>\n<meta name=\"twitter:card\" content=\"summary_large_image\" \/>\n<meta name=\"twitter:label1\" content=\"Tahmini okuma s\u00fcresi\" \/>\n\t<meta name=\"twitter:data1\" content=\"1 dakika\" \/>\n<script type=\"application\/ld+json\" class=\"yoast-schema-graph\">{\"@context\":\"https:\/\/schema.org\",\"@graph\":[{\"@type\":\"WebPage\",\"@id\":\"https:\/\/alamaltravel.net\/contact-us\/\",\"url\":\"https:\/\/alamaltravel.net\/contact-us\/\",\"name\":\"\u0627\u062a\u0635\u0644 \u0628\u0646\u0627 | \u0627\u0644\u0623\u0645\u0644 \u062a\u0631\u0627\u0641\u0644\",\"isPartOf\":{\"@id\":\"https:\/\/alamaltravel.net\/#website\"},\"datePublished\":\"2023-01-15T18:41:48+00:00\",\"dateModified\":\"2023-08-20T15:48:04+00:00\",\"breadcrumb\":{\"@id\":\"https:\/\/alamaltravel.net\/contact-us\/#breadcrumb\"},\"inLanguage\":\"tr\",\"potentialAction\":[{\"@type\":\"ReadAction\",\"target\":[\"https:\/\/alamaltravel.net\/contact-us\/\"]}]},{\"@type\":\"BreadcrumbList\",\"@id\":\"https:\/\/alamaltravel.net\/contact-us\/#breadcrumb\",\"itemListElement\":[{\"@type\":\"ListItem\",\"position\":1,\"name\":\"Home\",\"item\":\"https:\/\/alamaltravel.net\/\"},{\"@type\":\"ListItem\",\"position\":2,\"name\":\"\u0627\u062a\u0635\u0644 \u0628\u0646\u0627\"}]},{\"@type\":\"WebSite\",\"@id\":\"https:\/\/alamaltravel.net\/#website\",\"url\":\"https:\/\/alamaltravel.net\/\",\"name\":\"\u0627\u0644\u0623\u0645\u0644 \u062a\u0631\u0627\u0641\u0644\",\"description\":\"\",\"publisher\":{\"@id\":\"https:\/\/alamaltravel.net\/#organization\"},\"alternateName\":\"Alamal Travel\",\"potentialAction\":[{\"@type\":\"SearchAction\",\"target\":{\"@type\":\"EntryPoint\",\"urlTemplate\":\"https:\/\/alamaltravel.net\/?s={search_term_string}\"},\"query-input\":{\"@type\":\"PropertyValueSpecification\",\"valueRequired\":true,\"valueName\":\"search_term_string\"}}],\"inLanguage\":\"tr\"},{\"@type\":\"Organization\",\"@id\":\"https:\/\/alamaltravel.net\/#organization\",\"name\":\"Alamal Travel\",\"alternateName\":\"\u0627\u0644\u0623\u0645\u0644 \u062a\u0631\u0627\u0641\u0644\",\"url\":\"https:\/\/alamaltravel.net\/\",\"logo\":{\"@type\":\"ImageObject\",\"inLanguage\":\"tr\",\"@id\":\"https:\/\/alamaltravel.net\/#\/schema\/logo\/image\/\",\"url\":\"https:\/\/alamaltravel.net\/wp-content\/uploads\/2023\/01\/Green-Yellow-Modern-Photography-Traveling-Youtube-Thumbnail-1.png\",\"contentUrl\":\"https:\/\/alamaltravel.net\/wp-content\/uploads\/2023\/01\/Green-Yellow-Modern-Photography-Traveling-Youtube-Thumbnail-1.png\",\"width\":640,\"height\":360,\"caption\":\"Alamal Travel\"},\"image\":{\"@id\":\"https:\/\/alamaltravel.net\/#\/schema\/logo\/image\/\"},\"sameAs\":[\"https:\/\/www.facebook.com\/Visamal2015\",\"https:\/\/goo.gl\/maps\/K8S5pznY23orcUsHA\",\"https:\/\/youtube.com\/@alamaltours\"]}]}<\/script>\n<!-- \/ Yoast SEO Premium plugin. -->","yoast_head_json":{"title":"Bize ula\u015f\u0131n | umut seyahat","robots":{"index":"index","follow":"follow","max-snippet":"max-snippet:-1","max-image-preview":"max-image-preview:large","max-video-preview":"max-video-preview:-1"},"canonical":"https:\/\/alamaltravel.net\/tr\/bize-ulasin\/","og_locale":"tr_TR","og_type":"article","og_title":"\u0627\u062a\u0635\u0644 \u0628\u0646\u0627","og_description":"\u0627\u0628\u0642\u0649 \u0639\u0644\u0649 \u062a\u0648\u0627\u0635\u0644 \u064a\u0633\u0639\u062f\u0646\u0627 \u062a\u0644\u0642\u064a \u0631\u0633\u0627\u0626\u0644\u0643\u0645 \u0648\u0627\u0633\u062a\u0641\u0633\u0627\u0631\u062a\u0643\u0645 \u0639\u0646 \u0627\u0644\u062e\u062f\u0645\u0627\u062a \u0633\u0648\u0627\u0621 \u0639\u0646 \u0637\u0631\u064a\u0642 \u0627\u0644\u0628\u0631\u064a\u062f \u0627\u0644\u0623\u0644\u0643\u062a\u0631\u0648\u0646\u064a \u0627\u0648 \u0648\u0633\u0627\u0626\u0644 \u0627\u0644\u062a\u0648\u0627\u0635\u0644 \u0627\u0644\u0625\u062c\u062a\u0645\u0627\u0639\u064a. \u064a\u0633\u0639\u0646\u062f\u0646\u0627 \u062f\u0644\u0626\u0645\u0627 \u062a\u0648\u0627\u0635\u0644\u0643\u0645 \u0645\u0639\u0646\u0627! Facebook Youtube Whatsapp Instagram Icon-google-review","og_url":"https:\/\/alamaltravel.net\/tr\/bize-ulasin\/","og_site_name":"\u0627\u0644\u0623\u0645\u0644 \u062a\u0631\u0627\u0641\u0644","article_publisher":"https:\/\/www.facebook.com\/Visamal2015","article_modified_time":"2023-08-20T15:48:04+00:00","og_image":[{"width":640,"height":360,"url":"https:\/\/alamaltravel.net\/wp-content\/uploads\/2023\/01\/Green-Yellow-Modern-Photography-Traveling-Youtube-Thumbnail-1.png","type":"image\/png"}],"twitter_card":"summary_large_image","twitter_misc":{"Tahmini okuma s\u00fcresi":"1 dakika"},"schema":{"@context":"https:\/\/schema.org","@graph":[{"@type":"WebPage","@id":"https:\/\/alamaltravel.net\/contact-us\/","url":"https:\/\/alamaltravel.net\/contact-us\/","name":"Bize ula\u015f\u0131n | umut seyahat","isPartOf":{"@id":"https:\/\/alamaltravel.net\/#website"},"datePublished":"2023-01-15T18:41:48+00:00","dateModified":"2023-08-20T15:48:04+00:00","breadcrumb":{"@id":"https:\/\/alamaltravel.net\/contact-us\/#breadcrumb"},"inLanguage":"tr","potentialAction":[{"@type":"ReadAction","target":["https:\/\/alamaltravel.net\/contact-us\/"]}]},{"@type":"BreadcrumbList","@id":"https:\/\/alamaltravel.net\/contact-us\/#breadcrumb","itemListElement":[{"@type":"ListItem","position":1,"name":"Home","item":"https:\/\/alamaltravel.net\/"},{"@type":"ListItem","position":2,"name":"\u0627\u062a\u0635\u0644 \u0628\u0646\u0627"}]},{"@type":"WebSite","@id":"https:\/\/alamaltravel.net\/#website","url":"https:\/\/alamaltravel.net\/","name":"umut seyahat","description":"","publisher":{"@id":"https:\/\/alamaltravel.net\/#organization"},"alternateName":"Alamal Travel","potentialAction":[{"@type":"SearchAction","target":{"@type":"EntryPoint","urlTemplate":"https:\/\/alamaltravel.net\/?s={search_term_string}"},"query-input":{"@type":"PropertyValueSpecification","valueRequired":true,"valueName":"search_term_string"}}],"inLanguage":"tr"},{"@type":"Organization","@id":"https:\/\/alamaltravel.net\/#organization","name":"Alamal Seyahati","alternateName":"\u0627\u0644\u0623\u0645\u0644 \u062a\u0631\u0627\u0641\u0644","url":"https:\/\/alamaltravel.net\/","logo":{"@type":"ImageObject","inLanguage":"tr","@id":"https:\/\/alamaltravel.net\/#\/schema\/logo\/image\/","url":"https:\/\/alamaltravel.net\/wp-content\/uploads\/2023\/01\/Green-Yellow-Modern-Photography-Traveling-Youtube-Thumbnail-1.png","contentUrl":"https:\/\/alamaltravel.net\/wp-content\/uploads\/2023\/01\/Green-Yellow-Modern-Photography-Traveling-Youtube-Thumbnail-1.png","width":640,"height":360,"caption":"Alamal Travel"},"image":{"@id":"https:\/\/alamaltravel.net\/#\/schema\/logo\/image\/"},"sameAs":["https:\/\/www.facebook.com\/Visamal2015","https:\/\/goo.gl\/maps\/K8S5pznY23orcUsHA","https:\/\/youtube.com\/@alamaltours"]}]}},"_links":{"self":[{"href":"https:\/\/alamaltravel.net\/tr\/wp-json\/wp\/v2\/pages\/173","targetHints":{"allow":["GET"]}}],"collection":[{"href":"https:\/\/alamaltravel.net\/tr\/wp-json\/wp\/v2\/pages"}],"about":[{"href":"https:\/\/alamaltravel.net\/tr\/wp-json\/wp\/v2\/types\/page"}],"author":[{"embeddable":true,"href":"https:\/\/alamaltravel.net\/tr\/wp-json\/wp\/v2\/users\/2"}],"replies":[{"embeddable":true,"href":"https:\/\/alamaltravel.net\/tr\/wp-json\/wp\/v2\/comments?post=173"}],"version-history":[{"count":54,"href":"https:\/\/alamaltravel.net\/tr\/wp-json\/wp\/v2\/pages\/173\/revisions"}],"predecessor-version":[{"id":1749,"href":"https:\/\/alamaltravel.net\/tr\/wp-json\/wp\/v2\/pages\/173\/revisions\/1749"}],"wp:attachment":[{"href":"https:\/\/alamaltravel.net\/tr\/wp-json\/wp\/v2\/media?parent=173"}],"curies":[{"name":"wp","href":"https:\/\/api.w.org\/{rel}","templated":true}]}}